{"id":690,"date":"2023-08-31T09:51:44","date_gmt":"2023-08-31T07:51:44","guid":{"rendered":"https:\/\/sv-ottersweier.de\/?page_id=690"},"modified":"2023-09-05T17:10:18","modified_gmt":"2023-09-05T15:10:18","slug":"nachrichten","status":"publish","type":"page","link":"https:\/\/sv-ottersweier.de\/?page_id=690","title":{"rendered":"Nachrichten"},"content":{"rendered":"\t\t<div data-elementor-type=\"wp-page\" data-elementor-id=\"690\" class=\"elementor elementor-690\" data-elementor-settings=\"{&quot;element_pack_global_tooltip_width&quot;:{&quot;unit&quot;:&quot;px&quot;,&quot;size&quot;:&quot;&quot;,&quot;sizes&quot;:[]},&quot;element_pack_global_tooltip_width_tablet&quot;:{&quot;unit&quot;:&quot;px&quot;,&quot;size&quot;:&quot;&quot;,&quot;sizes&quot;:[]},&quot;element_pack_global_tooltip_width_mobile&quot;:{&quot;unit&quot;:&quot;px&quot;,&quot;size&quot;:&quot;&quot;,&quot;sizes&quot;:[]},&quot;element_pack_global_tooltip_padding&quot;:{&quot;unit&quot;:&quot;px&quot;,&quot;top&quot;:&quot;&quot;,&quot;right&quot;:&quot;&quot;,&quot;bottom&quot;:&quot;&quot;,&quot;left&quot;:&quot;&quot;,&quot;isLinked&quot;:true},&quot;element_pack_global_tooltip_padding_tablet&quot;:{&quot;unit&quot;:&quot;px&quot;,&quot;top&quot;:&quot;&quot;,&quot;right&quot;:&quot;&quot;,&quot;bottom&quot;:&quot;&quot;,&quot;left&quot;:&quot;&quot;,&quot;isLinked&quot;:true},&quot;element_pack_global_tooltip_padding_mobile&quot;:{&quot;unit&quot;:&quot;px&quot;,&quot;top&quot;:&quot;&quot;,&quot;right&quot;:&quot;&quot;,&quot;bottom&quot;:&quot;&quot;,&quot;left&quot;:&quot;&quot;,&quot;isLinked&quot;:true},&quot;element_pack_global_tooltip_border_radius&quot;:{&quot;unit&quot;:&quot;px&quot;,&quot;top&quot;:&quot;&quot;,&quot;right&quot;:&quot;&quot;,&quot;bottom&quot;:&quot;&quot;,&quot;left&quot;:&quot;&quot;,&quot;isLinked&quot;:true},&quot;element_pack_global_tooltip_border_radius_tablet&quot;:{&quot;unit&quot;:&quot;px&quot;,&quot;top&quot;:&quot;&quot;,&quot;right&quot;:&quot;&quot;,&quot;bottom&quot;:&quot;&quot;,&quot;left&quot;:&quot;&quot;,&quot;isLinked&quot;:true},&quot;element_pack_global_tooltip_border_radius_mobile&quot;:{&quot;unit&quot;:&quot;px&quot;,&quot;top&quot;:&quot;&quot;,&quot;right&quot;:&quot;&quot;,&quot;bottom&quot;:&quot;&quot;,&quot;left&quot;:&quot;&quot;,&quot;isLinked&quot;:true}}\" data-elementor-post-type=\"page\">\n\t\t\t\t\t\t<section class=\"elementor-section elementor-top-section elementor-element elementor-element-f45b508 elementor-section-boxed elementor-section-height-default elementor-section-height-default\" data-id=\"f45b508\" data-element_type=\"section\" data-e-type=\"section\">\n\t\t\t\t\t\t<div class=\"elementor-container elementor-column-gap-default\">\n\t\t\t\t\t<div class=\"elementor-column elementor-col-100 elementor-top-column elementor-element elementor-element-9990d87\" data-id=\"9990d87\" data-element_type=\"column\" data-e-type=\"column\">\n\t\t\t<div class=\"elementor-widget-wrap elementor-element-populated\">\n\t\t\t\t\t\t<div class=\"elementor-element elementor-element-a1dd368 elementor-widget elementor-widget-heading\" data-id=\"a1dd368\" data-element_type=\"widget\" data-e-type=\"widget\" data-widget_type=\"heading.default\">\n\t\t\t\t<div class=\"elementor-widget-container\">\n\t\t\t\t\t<h2 class=\"elementor-heading-title elementor-size-default\">NACHRICHTEN<\/h2>\t\t\t\t<\/div>\n\t\t\t\t<\/div>\n\t\t\t\t<div class=\"elementor-element elementor-element-8a13c76 elementor-widget-divider--view-line elementor-widget elementor-widget-divider\" data-id=\"8a13c76\" data-element_type=\"widget\" data-e-type=\"widget\" data-widget_type=\"divider.default\">\n\t\t\t\t<div class=\"elementor-widget-container\">\n\t\t\t\t\t\t\t<div class=\"elementor-divider\">\n\t\t\t<span class=\"elementor-divider-separator\">\n\t\t\t\t\t\t<\/span>\n\t\t<\/div>\n\t\t\t\t\t\t<\/div>\n\t\t\t\t<\/div>\n\t\t\t\t\t<\/div>\n\t\t<\/div>\n\t\t\t\t\t<\/div>\n\t\t<\/section>\n\t\t\t\t<section class=\"elementor-section elementor-top-section elementor-element elementor-element-10ed78a elementor-section-boxed elementor-section-height-default elementor-section-height-default\" data-id=\"10ed78a\" data-element_type=\"section\" data-e-type=\"section\">\n\t\t\t\t\t\t<div class=\"elementor-container elementor-column-gap-default\">\n\t\t\t\t\t<div class=\"elementor-column elementor-col-100 elementor-top-column elementor-element elementor-element-94e7435\" data-id=\"94e7435\" data-element_type=\"column\" data-e-type=\"column\">\n\t\t\t<div class=\"elementor-widget-wrap elementor-element-populated\">\n\t\t\t\t\t\t<section class=\"elementor-section elementor-inner-section elementor-element elementor-element-991c4c3 elementor-section-boxed elementor-section-height-default elementor-section-height-default\" data-id=\"991c4c3\" data-element_type=\"section\" data-e-type=\"section\">\n\t\t\t\t\t\t<div class=\"elementor-container elementor-column-gap-default\">\n\t\t\t\t\t<div class=\"elementor-column elementor-col-100 elementor-inner-column elementor-element elementor-element-c173e59\" data-id=\"c173e59\" data-element_type=\"column\" data-e-type=\"column\">\n\t\t\t<div class=\"elementor-widget-wrap elementor-element-populated\">\n\t\t\t\t\t\t<div class=\"elementor-element elementor-element-efed5af elementor-grid-2 elementor-grid-tablet-2 elementor-grid-mobile-1 elementor-posts--thumbnail-top elementor-card-shadow-yes elementor-posts__hover-gradient elementor-widget elementor-widget-posts\" data-id=\"efed5af\" data-element_type=\"widget\" data-e-type=\"widget\" data-settings=\"{&quot;cards_columns&quot;:&quot;2&quot;,&quot;cards_masonry&quot;:&quot;yes&quot;,&quot;cards_row_gap&quot;:{&quot;unit&quot;:&quot;px&quot;,&quot;size&quot;:20,&quot;sizes&quot;:[]},&quot;pagination_type&quot;:&quot;numbers_and_prev_next&quot;,&quot;cards_columns_tablet&quot;:&quot;2&quot;,&quot;cards_columns_mobile&quot;:&quot;1&quot;,&quot;cards_row_gap_tablet&quot;:{&quot;unit&quot;:&quot;px&quot;,&quot;size&quot;:&quot;&quot;,&quot;sizes&quot;:[]},&quot;cards_row_gap_mobile&quot;:{&quot;unit&quot;:&quot;px&quot;,&quot;size&quot;:&quot;&quot;,&quot;sizes&quot;:[]}}\" data-widget_type=\"posts.cards\">\n\t\t\t\t<div class=\"elementor-widget-container\">\n\t\t\t\t\t\t\t<div class=\"elementor-posts-container elementor-posts elementor-posts--skin-cards elementor-grid\">\n\t\t\t\t<article class=\"elementor-post elementor-grid-item post-6549 post type-post status-publish format-standard has-post-thumbnail hentry category-sport\">\n\t\t\t<div class=\"elementor-post__card\">\n\t\t\t\t<a class=\"elementor-post__thumbnail__link\" href=\"https:\/\/sv-ottersweier.de\/?p=6549\" ><div class=\"elementor-post__thumbnail\"><img fetchpriority=\"high\" decoding=\"async\" width=\"966\" height=\"675\" src=\"https:\/\/sv-ottersweier.de\/wp-content\/uploads\/2026\/04\/2026-04-19_SVO_Ehrungsabend_Gemeinde_Ottersweier.jpg\" class=\"attachment-large size-large wp-image-6552\" alt=\"\" srcset=\"https:\/\/sv-ottersweier.de\/wp-content\/uploads\/2026\/04\/2026-04-19_SVO_Ehrungsabend_Gemeinde_Ottersweier.jpg 966w, https:\/\/sv-ottersweier.de\/wp-content\/uploads\/2026\/04\/2026-04-19_SVO_Ehrungsabend_Gemeinde_Ottersweier-300x210.jpg 300w, https:\/\/sv-ottersweier.de\/wp-content\/uploads\/2026\/04\/2026-04-19_SVO_Ehrungsabend_Gemeinde_Ottersweier-768x537.jpg 768w\" sizes=\"(max-width: 966px) 100vw, 966px\" \/><\/div><\/a>\n\t\t\t\t<div class=\"elementor-post__badge\">Sport<\/div>\n\t\t\t\t<div class=\"elementor-post__text\">\n\t\t\t\t<h3 class=\"elementor-post__title\">\n\t\t\t<a href=\"https:\/\/sv-ottersweier.de\/?p=6549\" >\n\t\t\t\tEhrungsabend der Gemeinde 2026\t\t\t<\/a>\n\t\t<\/h3>\n\t\t\t\t<div class=\"elementor-post__excerpt\">\n\t\t\t<p>Beim Ehrungsabend der Gemeinde Ottersweier 2026 waren auch die Hubertussch\u00fctzen wieder mit vertreten. Bei den vergangenen Landesmeisterschaften in H\u00fcfingen konnte die Kleinkalibermannschaft in der Disziplin 3 x 20 (Dreistellungskampf) einen hervorragenden 2. Platz und damit die Silbermedaille erringen. F\u00fcr diese \u00fcberzeugende Leistungen wurden unsere drei Sch\u00fctzen Matthias L\u00f6ffler, Thomas Schmalz und Stephan Faller am Ehrungsabend<\/p>\n\t\t<\/div>\n\t\t\n\t\t<a class=\"elementor-post__read-more\" href=\"https:\/\/sv-ottersweier.de\/?p=6549\" aria-label=\"Read more about Ehrungsabend der Gemeinde 2026\" >\n\t\t\tWeiterlesen<span style=\"font-size:20px;font-weight:300\"> \u00bb<\/span>\t\t<\/a>\n\n\t\t\t\t<\/div>\n\t\t\t\t<div class=\"elementor-post__meta-data\">\n\t\t\t\t\t<span class=\"elementor-post-date\">\n\t\t\t24. April 2026\t\t<\/span>\n\t\t\t\t<\/div>\n\t\t\t\t\t<\/div>\n\t\t<\/article>\n\t\t\t\t<article class=\"elementor-post elementor-grid-item post-6543 post type-post status-publish format-standard has-post-thumbnail hentry category-sport\">\n\t\t\t<div class=\"elementor-post__card\">\n\t\t\t\t<a class=\"elementor-post__thumbnail__link\" href=\"https:\/\/sv-ottersweier.de\/?p=6543\" ><div class=\"elementor-post__thumbnail\"><img decoding=\"async\" width=\"400\" height=\"216\" src=\"https:\/\/sv-ottersweier.de\/wp-content\/uploads\/2025\/03\/logo_KOL-400x216-1.png\" class=\"attachment-large size-large wp-image-5850\" alt=\"\" srcset=\"https:\/\/sv-ottersweier.de\/wp-content\/uploads\/2025\/03\/logo_KOL-400x216-1.png 400w, https:\/\/sv-ottersweier.de\/wp-content\/uploads\/2025\/03\/logo_KOL-400x216-1-300x162.png 300w\" sizes=\"(max-width: 400px) 100vw, 400px\" \/><\/div><\/a>\n\t\t\t\t<div class=\"elementor-post__badge\">Sport<\/div>\n\t\t\t\t<div class=\"elementor-post__text\">\n\t\t\t\t<h3 class=\"elementor-post__title\">\n\t\t\t<a href=\"https:\/\/sv-ottersweier.de\/?p=6543\" >\n\t\t\t\tKreismeisterschaften 2026 &#8211; Luftgewehr\t\t\t<\/a>\n\t\t<\/h3>\n\t\t\t\t<div class=\"elementor-post__excerpt\">\n\t\t\t<p>Die Hubertussch\u00fctzen konnten bei den Kreismeisterschaften 2026 in der Disziplin Luftgewehr (40 Schuss Stehend) auf der Schie\u00dfanlage in Lauf einmal mehr \u00fcberzeugen. In der Jugendklasse weiblich meisterte Meike Zimmer ihren allerersten Wettkampf bravour\u00f6s und wurde Zehnte. Bei den Junioren weiblich wusste Leanna Kembel mit einer sehr guten Leistung und dem vierten Tabellenplatz zu \u00fcberzeugen und<\/p>\n\t\t<\/div>\n\t\t\n\t\t<a class=\"elementor-post__read-more\" href=\"https:\/\/sv-ottersweier.de\/?p=6543\" aria-label=\"Read more about Kreismeisterschaften 2026 &#8211; Luftgewehr\" >\n\t\t\tWeiterlesen<span style=\"font-size:20px;font-weight:300\"> \u00bb<\/span>\t\t<\/a>\n\n\t\t\t\t<\/div>\n\t\t\t\t<div class=\"elementor-post__meta-data\">\n\t\t\t\t\t<span class=\"elementor-post-date\">\n\t\t\t14. April 2026\t\t<\/span>\n\t\t\t\t<\/div>\n\t\t\t\t\t<\/div>\n\t\t<\/article>\n\t\t\t\t<article class=\"elementor-post elementor-grid-item post-6536 post type-post status-publish format-standard has-post-thumbnail hentry category-sport\">\n\t\t\t<div class=\"elementor-post__card\">\n\t\t\t\t<a class=\"elementor-post__thumbnail__link\" href=\"https:\/\/sv-ottersweier.de\/?p=6536\" ><div class=\"elementor-post__thumbnail\"><img decoding=\"async\" width=\"400\" height=\"216\" src=\"https:\/\/sv-ottersweier.de\/wp-content\/uploads\/2025\/03\/logo_KOL-400x216-1.png\" class=\"attachment-large size-large wp-image-5850\" alt=\"\" srcset=\"https:\/\/sv-ottersweier.de\/wp-content\/uploads\/2025\/03\/logo_KOL-400x216-1.png 400w, https:\/\/sv-ottersweier.de\/wp-content\/uploads\/2025\/03\/logo_KOL-400x216-1-300x162.png 300w\" sizes=\"(max-width: 400px) 100vw, 400px\" \/><\/div><\/a>\n\t\t\t\t<div class=\"elementor-post__badge\">Sport<\/div>\n\t\t\t\t<div class=\"elementor-post__text\">\n\t\t\t\t<h3 class=\"elementor-post__title\">\n\t\t\t<a href=\"https:\/\/sv-ottersweier.de\/?p=6536\" >\n\t\t\t\tKreismeisterschaften 2026 &#8211; Kleinkaliber\t\t\t<\/a>\n\t\t<\/h3>\n\t\t\t\t<div class=\"elementor-post__excerpt\">\n\t\t\t<p>Bei den diesj\u00e4hrigen Kreismeisterschaften in den Kleinkaliberdisziplinen wurden durch die Hubertussch\u00fctzen sehr achtbare Pl\u00e4tze erreicht. Zum Saisonauftakt mit dem Kleinkalibergewehr im Dreistellungskampf (Kniend, Liegend, Stehend) waren drei Sch\u00fctzen am Start. In der Klasse Herren I konnte sich Thomas Schmalz als Drittplatzierter auf das Siegerpodest stellen und erhielt die Bronzemedaille . Gleiches gelang Stephan Faller in<\/p>\n\t\t<\/div>\n\t\t\n\t\t<a class=\"elementor-post__read-more\" href=\"https:\/\/sv-ottersweier.de\/?p=6536\" aria-label=\"Read more about Kreismeisterschaften 2026 &#8211; Kleinkaliber\" >\n\t\t\tWeiterlesen<span style=\"font-size:20px;font-weight:300\"> \u00bb<\/span>\t\t<\/a>\n\n\t\t\t\t<\/div>\n\t\t\t\t<div class=\"elementor-post__meta-data\">\n\t\t\t\t\t<span class=\"elementor-post-date\">\n\t\t\t14. April 2026\t\t<\/span>\n\t\t\t\t<\/div>\n\t\t\t\t\t<\/div>\n\t\t<\/article>\n\t\t\t\t<article class=\"elementor-post elementor-grid-item post-6526 post type-post status-publish format-standard has-post-thumbnail hentry category-verein\">\n\t\t\t<div class=\"elementor-post__card\">\n\t\t\t\t<a class=\"elementor-post__thumbnail__link\" href=\"https:\/\/sv-ottersweier.de\/?p=6526\" ><div class=\"elementor-post__thumbnail\"><img decoding=\"async\" width=\"1024\" height=\"719\" src=\"https:\/\/sv-ottersweier.de\/wp-content\/uploads\/2026\/04\/2026_GMTB_SVO_Ostereierschiessen_Siegerfoto-1024x719.jpg\" class=\"attachment-large size-large wp-image-6527\" alt=\"\" srcset=\"https:\/\/sv-ottersweier.de\/wp-content\/uploads\/2026\/04\/2026_GMTB_SVO_Ostereierschiessen_Siegerfoto-1024x719.jpg 1024w, https:\/\/sv-ottersweier.de\/wp-content\/uploads\/2026\/04\/2026_GMTB_SVO_Ostereierschiessen_Siegerfoto-300x211.jpg 300w, https:\/\/sv-ottersweier.de\/wp-content\/uploads\/2026\/04\/2026_GMTB_SVO_Ostereierschiessen_Siegerfoto-768x539.jpg 768w, https:\/\/sv-ottersweier.de\/wp-content\/uploads\/2026\/04\/2026_GMTB_SVO_Ostereierschiessen_Siegerfoto-1536x1078.jpg 1536w, https:\/\/sv-ottersweier.de\/wp-content\/uploads\/2026\/04\/2026_GMTB_SVO_Ostereierschiessen_Siegerfoto-2048x1438.jpg 2048w\" sizes=\"(max-width: 1024px) 100vw, 1024px\" \/><\/div><\/a>\n\t\t\t\t<div class=\"elementor-post__badge\">Verein<\/div>\n\t\t\t\t<div class=\"elementor-post__text\">\n\t\t\t\t<h3 class=\"elementor-post__title\">\n\t\t\t<a href=\"https:\/\/sv-ottersweier.de\/?p=6526\" >\n\t\t\t\tSVO Ostereierschie\u00dfen\t\t\t<\/a>\n\t\t<\/h3>\n\t\t\t\t<div class=\"elementor-post__excerpt\">\n\t\t\t<p>Am vergangenen Ostermontag konnten die Hubertussch\u00fctzen wieder viele Interessierte beim diesj\u00e4hrigen Ostereierschie\u00dfen im Sch\u00fctzenhaus willkommen hei\u00dfen. Bei guter Stimmung trugen sich insgesamt ganze 114 Personen in die Liste des Gl\u00fccksschie\u00dfens ein. Dabei spielte das Alter und die Erfahrung keine Rolle, was sich auch in der Rangliste widerspiegelte. Als gl\u00fccklicher Gewinner konnte sich mit Julian Faller<\/p>\n\t\t<\/div>\n\t\t\n\t\t<a class=\"elementor-post__read-more\" href=\"https:\/\/sv-ottersweier.de\/?p=6526\" aria-label=\"Read more about SVO Ostereierschie\u00dfen\" >\n\t\t\tWeiterlesen<span style=\"font-size:20px;font-weight:300\"> \u00bb<\/span>\t\t<\/a>\n\n\t\t\t\t<\/div>\n\t\t\t\t<div class=\"elementor-post__meta-data\">\n\t\t\t\t\t<span class=\"elementor-post-date\">\n\t\t\t14. April 2026\t\t<\/span>\n\t\t\t\t<\/div>\n\t\t\t\t\t<\/div>\n\t\t<\/article>\n\t\t\t\t<article class=\"elementor-post elementor-grid-item post-6459 post type-post status-publish format-standard has-post-thumbnail hentry category-verein\">\n\t\t\t<div class=\"elementor-post__card\">\n\t\t\t\t<a class=\"elementor-post__thumbnail__link\" href=\"https:\/\/sv-ottersweier.de\/?p=6459\" ><div class=\"elementor-post__thumbnail\"><img loading=\"lazy\" decoding=\"async\" width=\"1024\" height=\"609\" src=\"https:\/\/sv-ottersweier.de\/wp-content\/uploads\/2026\/03\/2026-02-26_SVO_JHV2026_Jubilare-1024x609.jpg\" class=\"attachment-large size-large wp-image-6461\" alt=\"\" srcset=\"https:\/\/sv-ottersweier.de\/wp-content\/uploads\/2026\/03\/2026-02-26_SVO_JHV2026_Jubilare-1024x609.jpg 1024w, https:\/\/sv-ottersweier.de\/wp-content\/uploads\/2026\/03\/2026-02-26_SVO_JHV2026_Jubilare-300x179.jpg 300w, https:\/\/sv-ottersweier.de\/wp-content\/uploads\/2026\/03\/2026-02-26_SVO_JHV2026_Jubilare-768x457.jpg 768w, https:\/\/sv-ottersweier.de\/wp-content\/uploads\/2026\/03\/2026-02-26_SVO_JHV2026_Jubilare-1536x914.jpg 1536w, https:\/\/sv-ottersweier.de\/wp-content\/uploads\/2026\/03\/2026-02-26_SVO_JHV2026_Jubilare.jpg 1600w\" sizes=\"(max-width: 1024px) 100vw, 1024px\" \/><\/div><\/a>\n\t\t\t\t<div class=\"elementor-post__badge\">Verein<\/div>\n\t\t\t\t<div class=\"elementor-post__text\">\n\t\t\t\t<h3 class=\"elementor-post__title\">\n\t\t\t<a href=\"https:\/\/sv-ottersweier.de\/?p=6459\" >\n\t\t\t\tSVO | Jahreshauptversammlung 2026\t\t\t<\/a>\n\t\t<\/h3>\n\t\t\t\t<div class=\"elementor-post__excerpt\">\n\t\t\t<p>Am vergangenen Donnerstag, den 26. Februar, er\u00f6ffnete der Vorsitzende und Versammlungsleiter Stephan Faller die Jahreshauptversammlung des Sch\u00fctzenverein Hubertus Ottersweier 1924 e.V. im Sch\u00fctzenhaus. Er begr\u00fc\u00dfte die anwesenden Mitglieder, das aktuelle K\u00f6nigspaar Theresia Scholz und Karl J\u00e4ger sowie die beiden Gemeinder\u00e4te Linus Maier \u2013 als Vertreter von Herrn\u00a0 B\u00fcrgermeisters J\u00fcrgen Pfetzer, und Karin Bauer. Entschuldigt hatten<\/p>\n\t\t<\/div>\n\t\t\n\t\t<a class=\"elementor-post__read-more\" href=\"https:\/\/sv-ottersweier.de\/?p=6459\" aria-label=\"Read more about SVO | Jahreshauptversammlung 2026\" >\n\t\t\tWeiterlesen<span style=\"font-size:20px;font-weight:300\"> \u00bb<\/span>\t\t<\/a>\n\n\t\t\t\t<\/div>\n\t\t\t\t<div class=\"elementor-post__meta-data\">\n\t\t\t\t\t<span class=\"elementor-post-date\">\n\t\t\t5. M\u00e4rz 2026\t\t<\/span>\n\t\t\t\t<\/div>\n\t\t\t\t\t<\/div>\n\t\t<\/article>\n\t\t\t\t<article class=\"elementor-post elementor-grid-item post-6398 post type-post status-publish format-standard has-post-thumbnail hentry category-verein\">\n\t\t\t<div class=\"elementor-post__card\">\n\t\t\t\t<a class=\"elementor-post__thumbnail__link\" href=\"https:\/\/sv-ottersweier.de\/?p=6398\" ><div class=\"elementor-post__thumbnail\"><img loading=\"lazy\" decoding=\"async\" width=\"1024\" height=\"481\" src=\"https:\/\/sv-ottersweier.de\/wp-content\/uploads\/2026\/01\/2026-01-17_GMB_SVO_Koenigsfeier_Siegerfoto-1024x481.jpg\" class=\"attachment-large size-large wp-image-6399\" alt=\"\" srcset=\"https:\/\/sv-ottersweier.de\/wp-content\/uploads\/2026\/01\/2026-01-17_GMB_SVO_Koenigsfeier_Siegerfoto-1024x481.jpg 1024w, https:\/\/sv-ottersweier.de\/wp-content\/uploads\/2026\/01\/2026-01-17_GMB_SVO_Koenigsfeier_Siegerfoto-300x141.jpg 300w, https:\/\/sv-ottersweier.de\/wp-content\/uploads\/2026\/01\/2026-01-17_GMB_SVO_Koenigsfeier_Siegerfoto-768x361.jpg 768w, https:\/\/sv-ottersweier.de\/wp-content\/uploads\/2026\/01\/2026-01-17_GMB_SVO_Koenigsfeier_Siegerfoto-1536x722.jpg 1536w, https:\/\/sv-ottersweier.de\/wp-content\/uploads\/2026\/01\/2026-01-17_GMB_SVO_Koenigsfeier_Siegerfoto-2048x963.jpg 2048w\" sizes=\"(max-width: 1024px) 100vw, 1024px\" \/><\/div><\/a>\n\t\t\t\t<div class=\"elementor-post__badge\">Verein<\/div>\n\t\t\t\t<div class=\"elementor-post__text\">\n\t\t\t\t<h3 class=\"elementor-post__title\">\n\t\t\t<a href=\"https:\/\/sv-ottersweier.de\/?p=6398\" >\n\t\t\t\tK\u00f6nigs- und Hubertusfeier 2026 : Gro\u00dfe Emotionen im Sch\u00fctzenhaus\t\t\t<\/a>\n\t\t<\/h3>\n\t\t\t\t<div class=\"elementor-post__excerpt\">\n\t\t\t<p>Am Samstag, den 17. Januar 2026, fand im Sch\u00fctzenhaus Ottersweier die traditionelle K\u00f6nigs- und Hubertusfeier des Sch\u00fctzenvereins &#8220;Hubertus&#8221; Ottersweier 1924 e.V. statt. Die Veranstaltung stellt allj\u00e4hrlich den H\u00f6hepunkt des Vereinsjahres dar, bei dem die Ergebnisse des K\u00f6nigs- und Hubertusschie\u00dfens, sowie die neuen Hoheiten, bekanntgegeben wurden. Hauptschie\u00dfleiter und erster Vorsitzender Stephan Faller l\u00fcftete im feierlichen Rahmen<\/p>\n\t\t<\/div>\n\t\t\n\t\t<a class=\"elementor-post__read-more\" href=\"https:\/\/sv-ottersweier.de\/?p=6398\" aria-label=\"Read more about K\u00f6nigs- und Hubertusfeier 2026 : Gro\u00dfe Emotionen im Sch\u00fctzenhaus\" >\n\t\t\tWeiterlesen<span style=\"font-size:20px;font-weight:300\"> \u00bb<\/span>\t\t<\/a>\n\n\t\t\t\t<\/div>\n\t\t\t\t<div class=\"elementor-post__meta-data\">\n\t\t\t\t\t<span class=\"elementor-post-date\">\n\t\t\t21. Januar 2026\t\t<\/span>\n\t\t\t\t<\/div>\n\t\t\t\t\t<\/div>\n\t\t<\/article>\n\t\t\t\t<\/div>\n\t\t\n\t\t\t\t<div class=\"e-load-more-anchor\" data-page=\"1\" data-max-page=\"7\" data-next-page=\"https:\/\/sv-ottersweier.de\/index.php?rest_route=%2Fwp%2Fv2%2Fpages%2F690&#038;paged=2\"><\/div>\n\t\t\t\t<nav class=\"elementor-pagination\" aria-label=\"Pagination\">\n\t\t\t<span class=\"page-numbers prev\">&laquo; Voriger<\/span>\n<span aria-current=\"page\" class=\"page-numbers current\"><span class=\"elementor-screen-only\">Page<\/span>1<\/span>\n<a class=\"page-numbers\" href=\"https:\/\/sv-ottersweier.de\/index.php\/?paged=2&#038;rest_route=%2Fwp%2Fv2%2Fpages%2F690\"><span class=\"elementor-screen-only\">Page<\/span>2<\/a>\n<a class=\"page-numbers\" href=\"https:\/\/sv-ottersweier.de\/index.php\/?paged=3&#038;rest_route=%2Fwp%2Fv2%2Fpages%2F690\"><span class=\"elementor-screen-only\">Page<\/span>3<\/a>\n<a class=\"page-numbers\" href=\"https:\/\/sv-ottersweier.de\/index.php\/?paged=4&#038;rest_route=%2Fwp%2Fv2%2Fpages%2F690\"><span class=\"elementor-screen-only\">Page<\/span>4<\/a>\n<a class=\"page-numbers\" href=\"https:\/\/sv-ottersweier.de\/index.php\/?paged=5&#038;rest_route=%2Fwp%2Fv2%2Fpages%2F690\"><span class=\"elementor-screen-only\">Page<\/span>5<\/a>\n<a class=\"page-numbers next\" href=\"https:\/\/sv-ottersweier.de\/index.php?rest_route=%2Fwp%2Fv2%2Fpages%2F690&#038;paged=2\">N\u00e4chster &raquo;<\/a>\t\t<\/nav>\n\t\t\t\t\t\t<\/div>\n\t\t\t\t<\/div>\n\t\t\t\t\t<\/div>\n\t\t<\/div>\n\t\t\t\t\t<\/div>\n\t\t<\/section>\n\t\t\t\t\t<\/div>\n\t\t<\/div>\n\t\t\t\t\t<\/div>\n\t\t<\/section>\n\t\t\t\t<\/div>\n\t\t","protected":false},"excerpt":{"rendered":"<p>NACHRICHTEN<\/p>\n","protected":false},"author":1,"featured_media":0,"parent":993,"menu_order":0,"comment_status":"closed","ping_status":"closed","template":"elementor_theme","meta":{"site-sidebar-layout":"no-sidebar","site-content-layout":"page-builder","ast-site-content-layout":"default","site-content-style":"default","site-sidebar-style":"default","ast-global-header-display":"","ast-banner-title-visibility":"","ast-main-header-display":"","ast-hfb-above-header-display":"","ast-hfb-below-header-display":"","ast-hfb-mobile-header-display":"","site-post-title":"disabled","ast-breadcrumbs-content":"","ast-featured-img":"disabled","footer-sml-layout":"","ast-disable-related-posts":"","theme-transparent-header-meta":"","adv-header-id-meta":"","stick-header-meta":"","header-above-stick-meta":"","header-main-stick-meta":"","header-below-stick-meta":"","astra-migrate-meta-layouts":"default","ast-page-background-enabled":"default","ast-page-background-meta":{"desktop":{"background-color":"var(--ast-global-color-4)","background-image":"","background-repeat":"repeat","background-position":"center center","background-size":"auto","background-attachment":"scroll","background-type":"","background-media":"","overlay-type":"","overlay-color":"","overlay-opacity":"","overlay-gradient":""},"tablet":{"background-color":"","background-image":"","background-repeat":"repeat","background-position":"center center","background-size":"auto","background-attachment":"scroll","background-type":"","background-media":"","overlay-type":"","overlay-color":"","overlay-opacity":"","overlay-gradient":""},"mobile":{"background-color":"","background-image":"","background-repeat":"repeat","background-position":"center center","background-size":"auto","background-attachment":"scroll","background-type":"","background-media":"","overlay-type":"","overlay-color":"","overlay-opacity":"","overlay-gradient":""}},"ast-content-background-meta":{"desktop":{"background-color":"var(--ast-global-color-5)","background-image":"","background-repeat":"repeat","background-position":"center center","background-size":"auto","background-attachment":"scroll","background-type":"","background-media":"","overlay-type":"","overlay-color":"","overlay-opacity":"","overlay-gradient":""},"tablet":{"background-color":"var(--ast-global-color-5)","background-image":"","background-repeat":"repeat","background-position":"center center","background-size":"auto","background-attachment":"scroll","background-type":"","background-media":"","overlay-type":"","overlay-color":"","overlay-opacity":"","overlay-gradient":""},"mobile":{"background-color":"var(--ast-global-color-5)","background-image":"","background-repeat":"repeat","background-position":"center center","background-size":"auto","background-attachment":"scroll","background-type":"","background-media":"","overlay-type":"","overlay-color":"","overlay-opacity":"","overlay-gradient":""}},"footnotes":""},"wf_page_folders":[26],"class_list":["post-690","page","type-page","status-publish","hentry"],"_links":{"self":[{"href":"https:\/\/sv-ottersweier.de\/index.php?rest_route=\/wp\/v2\/pages\/690","targetHints":{"allow":["GET"]}}],"collection":[{"href":"https:\/\/sv-ottersweier.de\/index.php?rest_route=\/wp\/v2\/pages"}],"about":[{"href":"https:\/\/sv-ottersweier.de\/index.php?rest_route=\/wp\/v2\/types\/page"}],"author":[{"embeddable":true,"href":"https:\/\/sv-ottersweier.de\/index.php?rest_route=\/wp\/v2\/users\/1"}],"replies":[{"embeddable":true,"href":"https:\/\/sv-ottersweier.de\/index.php?rest_route=%2Fwp%2Fv2%2Fcomments&post=690"}],"version-history":[{"count":38,"href":"https:\/\/sv-ottersweier.de\/index.php?rest_route=\/wp\/v2\/pages\/690\/revisions"}],"predecessor-version":[{"id":1487,"href":"https:\/\/sv-ottersweier.de\/index.php?rest_route=\/wp\/v2\/pages\/690\/revisions\/1487"}],"up":[{"embeddable":true,"href":"https:\/\/sv-ottersweier.de\/index.php?rest_route=\/wp\/v2\/pages\/993"}],"wp:attachment":[{"href":"https:\/\/sv-ottersweier.de\/index.php?rest_route=%2Fwp%2Fv2%2Fmedia&parent=690"}],"wp:term":[{"taxonomy":"wf_page_folders","embeddable":true,"href":"https:\/\/sv-ottersweier.de\/index.php?rest_route=%2Fwp%2Fv2%2Fwf_page_folders&post=690"}],"curies":[{"name":"wp","href":"https:\/\/api.w.org\/{rel}","templated":true}]}}